{"id":5554,"date":"2023-04-29T13:57:04","date_gmt":"2023-04-29T13:57:04","guid":{"rendered":"https:\/\/kingegypttours.com\/?page_id=5554"},"modified":"2024-10-11T12:56:20","modified_gmt":"2024-10-11T12:56:20","slug":"videos","status":"publish","type":"page","link":"https:\/\/kingegypttours.com\/pt\/videos\/","title":{"rendered":"V\u00eddeos"},"content":{"rendered":"<div id=\"ayg-c102e8052105d70d9b0ee67a41b48ab5\" class=\"ayg ayg-theme-classic\" data-params='{\"uid\":\"c102e8052105d70d9b0ee67a41b48ab5\",\"autoplay\":0,\"loop\":0,\"muted\":0,\"controls\":1,\"modestbranding\":1,\"cc_load_policy\":0,\"iv_load_policy\":0,\"hl\":\"\",\"cc_lang_pref\":\"\",\"autoadvance\":1,\"player_title\":1,\"player_description\":1}'>\n    <!-- Player -->\n    <div class=\"ayg-player\">\n        <div class=\"ayg-player-wrapper\" style=\"padding-bottom: 56.25%;\">\n            <iframe class=\"ayg-player-iframe\" width=\"100%\" height=\"100%\" src=\"https:\/\/www.youtube.com\/embed\/uUTOJCkRE5M\" data-id=\"uUTOJCkRE5M\" frameborder=\"0\" allow=\"accelerometer; autoplay; encrypted-media; gyroscope; picture-in-picture\" allowfullscreen><\/iframe>        <\/div>\n\n        <div class=\"ayg-player-caption\">\n                \n                <h2 class=\"ayg-player-title\">Visitar pontos tur\u00edsticos \u00e9 muito divertido \ud83d\ude0d\ud83d\ude0d\ud83d\ude0d\u2728<\/h2>  \n            \n              \n                <div class=\"ayg-player-description\"><\/div>\n                    <\/div>\n    <\/div>\n\n    <!-- Gallery -->\n    <div class=\"ayg-gallery ayg-row\">\n                    <div class=\"ayg-item ayg-item-uUTOJCkRE5M ayg-col ayg-col-3 ayg-active\">\n                \n<div class=\"ayg-thumbnail\" data-id=\"uUTOJCkRE5M\" data-title=\"Visiting tourist places is very fun\ud83d\ude0d\ud83d\ude0d\ud83d\ude0d\u2728\" data-url=\"\">\n    <div class=\"ayg-thumbnail-image-wrapper\">\n                <img decoding=\"async\" src=\"https:\/\/i.ytimg.com\/vi\/uUTOJCkRE5M\/maxresdefault.jpg\" class=\"ayg-thumbnail-image\" alt=\"Visiting tourist places is very fun\ud83d\ude0d\ud83d\ude0d\ud83d\ude0d\u2728\" \/>\n\n        <svg class=\"ayg-icon ayg-thumbnail-icon-play\" width=\"32\" height=\"32\" viewbox=\"0 0 32 32\" fill=\"#fff\">\n            <path d=\"M16 0c-8.837 0-16 7.163-16 16s7.163 16 16 16 16-7.163 16-16-7.163-16-16-16zM16 29c-7.18 0-13-5.82-13-13s5.82-13 13-13 13 5.82 13 13-5.82 13-13 13zM12 9l12 7-12 7z\"><\/path>\n        <\/svg>\n\n        <div class=\"ayg-thumbnail-active\" style=\"display: none;\">ativo<\/div>\n    <\/div>\n\n    <div class=\"ayg-thumbnail-caption\">\n         \n            <div class=\"ayg-thumbnail-title\">Visitar pontos tur\u00edsticos \u00e9 muito divertido \ud83d\ude0d\ud83d\ude0d\ud83d\ude0d\u2728<\/div>\n         \n\n        \n            <\/div>           \n<\/div>            <\/div>\n                    <div class=\"ayg-item ayg-item-JM4hKpgx22A ayg-col ayg-col-3\">\n                \n<div class=\"ayg-thumbnail\" data-id=\"JM4hKpgx22A\" data-title=\"Enjoying the atmosphere of Egypt\ud83d\udeec\ud83d\ude0d\" data-url=\"\">\n    <div class=\"ayg-thumbnail-image-wrapper\">\n                <img decoding=\"async\" src=\"https:\/\/i.ytimg.com\/vi\/JM4hKpgx22A\/maxresdefault.jpg\" class=\"ayg-thumbnail-image\" alt=\"Enjoying the atmosphere of Egypt\ud83d\udeec\ud83d\ude0d\" \/>\n\n        <svg class=\"ayg-icon ayg-thumbnail-icon-play\" width=\"32\" height=\"32\" viewbox=\"0 0 32 32\" fill=\"#fff\">\n            <path d=\"M16 0c-8.837 0-16 7.163-16 16s7.163 16 16 16 16-7.163 16-16-7.163-16-16-16zM16 29c-7.18 0-13-5.82-13-13s5.82-13 13-13 13 5.82 13 13-5.82 13-13 13zM12 9l12 7-12 7z\"><\/path>\n        <\/svg>\n\n        <div class=\"ayg-thumbnail-active\" style=\"display: none;\">ativo<\/div>\n    <\/div>\n\n    <div class=\"ayg-thumbnail-caption\">\n         \n            <div class=\"ayg-thumbnail-title\">Aproveitando a atmosfera do Egito\ud83d\udeec\ud83d\ude0d<\/div>\n         \n\n        \n            <\/div>           \n<\/div>            <\/div>\n                    <div class=\"ayg-item ayg-item-4pV5m3e_xds ayg-col ayg-col-3\">\n                \n<div class=\"ayg-thumbnail\" data-id=\"4pV5m3e_xds\" data-title=\"Enjoying camel riding in the pyramids\ud83d\ude0d\ud83d\ude0d\ud83d\ude0d\u2728\" data-url=\"\">\n    <div class=\"ayg-thumbnail-image-wrapper\">\n                <img decoding=\"async\" src=\"https:\/\/i.ytimg.com\/vi\/4pV5m3e_xds\/maxresdefault.jpg\" class=\"ayg-thumbnail-image\" alt=\"Enjoying camel riding in the pyramids\ud83d\ude0d\ud83d\ude0d\ud83d\ude0d\u2728\" \/>\n\n        <svg class=\"ayg-icon ayg-thumbnail-icon-play\" width=\"32\" height=\"32\" viewbox=\"0 0 32 32\" fill=\"#fff\">\n            <path d=\"M16 0c-8.837 0-16 7.163-16 16s7.163 16 16 16 16-7.163 16-16-7.163-16-16-16zM16 29c-7.18 0-13-5.82-13-13s5.82-13 13-13 13 5.82 13 13-5.82 13-13 13zM12 9l12 7-12 7z\"><\/path>\n        <\/svg>\n\n        <div class=\"ayg-thumbnail-active\" style=\"display: none;\">ativo<\/div>\n    <\/div>\n\n    <div class=\"ayg-thumbnail-caption\">\n         \n            <div class=\"ayg-thumbnail-title\">Aproveitando o passeio de camelo nas pir\u00e2mides \ud83d\ude0d\ud83d\ude0d\ud83d\ude0d\u2728<\/div>\n         \n\n        \n            <\/div>           \n<\/div>            <\/div>\n                    <div class=\"ayg-item ayg-item-JaxzdCh8zdo ayg-col ayg-col-3\">\n                \n<div class=\"ayg-thumbnail\" data-id=\"JaxzdCh8zdo\" data-title=\"Enjoy the explanation of the tour guide in Egypt\ud83d\ude0d\ud83d\ude0d\ud83d\ude0d\u2728\" data-url=\"\">\n    <div class=\"ayg-thumbnail-image-wrapper\">\n                <img decoding=\"async\" src=\"https:\/\/i.ytimg.com\/vi\/JaxzdCh8zdo\/maxresdefault.jpg\" class=\"ayg-thumbnail-image\" alt=\"Enjoy the explanation of the tour guide in Egypt\ud83d\ude0d\ud83d\ude0d\ud83d\ude0d\u2728\" \/>\n\n        <svg class=\"ayg-icon ayg-thumbnail-icon-play\" width=\"32\" height=\"32\" viewbox=\"0 0 32 32\" fill=\"#fff\">\n            <path d=\"M16 0c-8.837 0-16 7.163-16 16s7.163 16 16 16 16-7.163 16-16-7.163-16-16-16zM16 29c-7.18 0-13-5.82-13-13s5.82-13 13-13 13 5.82 13 13-5.82 13-13 13zM12 9l12 7-12 7z\"><\/path>\n        <\/svg>\n\n        <div class=\"ayg-thumbnail-active\" style=\"display: none;\">ativo<\/div>\n    <\/div>\n\n    <div class=\"ayg-thumbnail-caption\">\n         \n            <div class=\"ayg-thumbnail-title\">Aproveite a explica\u00e7\u00e3o do guia tur\u00edstico no Egito \ud83d\ude0d\ud83d\ude0d\ud83d\ude0d\u2728<\/div>\n         \n\n        \n            <\/div>           \n<\/div>            <\/div>\n                    <div class=\"ayg-item ayg-item-GvS9fzfkKb0 ayg-col ayg-col-3\">\n                \n<div class=\"ayg-thumbnail\" data-id=\"GvS9fzfkKb0\" data-title=\"Explanation of the best tour guide in Egypt\u261d\ud83c\udffb\ud83d\ude0d\ud83d\ude0d\" data-url=\"\">\n    <div class=\"ayg-thumbnail-image-wrapper\">\n                <img decoding=\"async\" src=\"https:\/\/i.ytimg.com\/vi\/GvS9fzfkKb0\/maxresdefault.jpg\" class=\"ayg-thumbnail-image\" alt=\"Explanation of the best tour guide in Egypt\u261d\ud83c\udffb\ud83d\ude0d\ud83d\ude0d\" \/>\n\n        <svg class=\"ayg-icon ayg-thumbnail-icon-play\" width=\"32\" height=\"32\" viewbox=\"0 0 32 32\" fill=\"#fff\">\n            <path d=\"M16 0c-8.837 0-16 7.163-16 16s7.163 16 16 16 16-7.163 16-16-7.163-16-16-16zM16 29c-7.18 0-13-5.82-13-13s5.82-13 13-13 13 5.82 13 13-5.82 13-13 13zM12 9l12 7-12 7z\"><\/path>\n        <\/svg>\n\n        <div class=\"ayg-thumbnail-active\" style=\"display: none;\">ativo<\/div>\n    <\/div>\n\n    <div class=\"ayg-thumbnail-caption\">\n         \n            <div class=\"ayg-thumbnail-title\">Explica\u00e7\u00e3o sobre o melhor guia tur\u00edstico do Egito\u261d\ud83c\udffb\ud83d\ude0d\ud83d\ude0d<\/div>\n         \n\n        \n            <\/div>           \n<\/div>            <\/div>\n                    <div class=\"ayg-item ayg-item-nJGl_O1BbeE ayg-col ayg-col-3\">\n                \n<div class=\"ayg-thumbnail\" data-id=\"nJGl_O1BbeE\" data-title=\"The enjoyment of foreigners in the pyramids\ud83d\ude0d\ud83d\ude0d\ud83d\ude0d\u2665\ufe0f\ud83d\udce9\" data-url=\"\">\n    <div class=\"ayg-thumbnail-image-wrapper\">\n                <img decoding=\"async\" src=\"https:\/\/i.ytimg.com\/vi\/nJGl_O1BbeE\/maxresdefault.jpg\" class=\"ayg-thumbnail-image\" alt=\"The enjoyment of foreigners in the pyramids\ud83d\ude0d\ud83d\ude0d\ud83d\ude0d\u2665\ufe0f\ud83d\udce9\" \/>\n\n        <svg class=\"ayg-icon ayg-thumbnail-icon-play\" width=\"32\" height=\"32\" viewbox=\"0 0 32 32\" fill=\"#fff\">\n            <path d=\"M16 0c-8.837 0-16 7.163-16 16s7.163 16 16 16 16-7.163 16-16-7.163-16-16-16zM16 29c-7.18 0-13-5.82-13-13s5.82-13 13-13 13 5.82 13 13-5.82 13-13 13zM12 9l12 7-12 7z\"><\/path>\n        <\/svg>\n\n        <div class=\"ayg-thumbnail-active\" style=\"display: none;\">ativo<\/div>\n    <\/div>\n\n    <div class=\"ayg-thumbnail-caption\">\n         \n            <div class=\"ayg-thumbnail-title\">A alegria dos estrangeiros nas pir\u00e2mides \ud83d\ude0d\ud83d\ude0d\ud83d\ude0d\u2665\ufe0f\ud83d\udce9<\/div>\n         \n\n        \n            <\/div>           \n<\/div>            <\/div>\n                    <div class=\"ayg-item ayg-item-dBAjufEk9QQ ayg-col ayg-col-3\">\n                \n<div class=\"ayg-thumbnail\" data-id=\"dBAjufEk9QQ\" data-title=\"Let&#039;s visit Egypt, the land of civilization, to enjoy the best atmosphere with trips\ud83d\ude0d\ud83d\ude0d\ud83d\ude0d\ud83d\ude0d\ud83d\ude0d\ud83d\ude0d\u2728\" data-url=\"\">\n    <div class=\"ayg-thumbnail-image-wrapper\">\n                <img decoding=\"async\" src=\"https:\/\/i.ytimg.com\/vi\/dBAjufEk9QQ\/maxresdefault.jpg\" class=\"ayg-thumbnail-image\" alt=\"Let&#039;s visit Egypt, the land of civilization, to enjoy the best atmosphere with trips\ud83d\ude0d\ud83d\ude0d\ud83d\ude0d\ud83d\ude0d\ud83d\ude0d\ud83d\ude0d\u2728\" \/>\n\n        <svg class=\"ayg-icon ayg-thumbnail-icon-play\" width=\"32\" height=\"32\" viewbox=\"0 0 32 32\" fill=\"#fff\">\n            <path d=\"M16 0c-8.837 0-16 7.163-16 16s7.163 16 16 16 16-7.163 16-16-7.163-16-16-16zM16 29c-7.18 0-13-5.82-13-13s5.82-13 13-13 13 5.82 13 13-5.82 13-13 13zM12 9l12 7-12 7z\"><\/path>\n        <\/svg>\n\n        <div class=\"ayg-thumbnail-active\" style=\"display: none;\">ativo<\/div>\n    <\/div>\n\n    <div class=\"ayg-thumbnail-caption\">\n         \n            <div class=\"ayg-thumbnail-title\">Vamos visitar o Egito, a terra da civiliza\u00e7\u00e3o, para desfrutar da melhor atmosfera com viagens \ud83d\ude0d\ud83d\ude0d\ud83d\ude0d\ud83d\ude0d\ud83d\ude0d\ud83d\ude0d\u2728<\/div>\n         \n\n        \n            <\/div>           \n<\/div>            <\/div>\n                    <div class=\"ayg-item ayg-item-p_jLr3nsoiM ayg-col ayg-col-3\">\n                \n<div class=\"ayg-thumbnail\" data-id=\"p_jLr3nsoiM\" data-title=\"Live your life in the best place in the world\ud83c\udf0d\ud83d\ude0d\ud83d\ude0d\" data-url=\"\">\n    <div class=\"ayg-thumbnail-image-wrapper\">\n                <img decoding=\"async\" src=\"https:\/\/i.ytimg.com\/vi\/p_jLr3nsoiM\/maxresdefault.jpg\" class=\"ayg-thumbnail-image\" alt=\"Live your life in the best place in the world\ud83c\udf0d\ud83d\ude0d\ud83d\ude0d\" \/>\n\n        <svg class=\"ayg-icon ayg-thumbnail-icon-play\" width=\"32\" height=\"32\" viewbox=\"0 0 32 32\" fill=\"#fff\">\n            <path d=\"M16 0c-8.837 0-16 7.163-16 16s7.163 16 16 16 16-7.163 16-16-7.163-16-16-16zM16 29c-7.18 0-13-5.82-13-13s5.82-13 13-13 13 5.82 13 13-5.82 13-13 13zM12 9l12 7-12 7z\"><\/path>\n        <\/svg>\n\n        <div class=\"ayg-thumbnail-active\" style=\"display: none;\">ativo<\/div>\n    <\/div>\n\n    <div class=\"ayg-thumbnail-caption\">\n         \n            <div class=\"ayg-thumbnail-title\">Viva sua vida no melhor lugar do mundo\ud83c\udf0d\ud83d\ude0d\ud83d\ude0d<\/div>\n         \n\n        \n            <\/div>           \n<\/div>            <\/div>\n                    <div class=\"ayg-item ayg-item-RrnsuWNmdLc ayg-col ayg-col-3\">\n                \n<div class=\"ayg-thumbnail\" data-id=\"RrnsuWNmdLc\" data-title=\"\u0627\u0644\u0631\u0642\u0635 \u0627\u0644\u0634\u0631\u0642\u064a \u0641\u064a \u0645\u0631\u0643\u0628 \u0639\u0644\u064a \u0627\u0644\u0646\u064a\u0644 \ud83c\udf0a\ud83c\udf0a\ud83c\udf0a\ud83d\udc83\ud83d\udc83\u26f4\ufe0f#dance\" data-url=\"\">\n    <div class=\"ayg-thumbnail-image-wrapper\">\n                <img decoding=\"async\" src=\"https:\/\/i.ytimg.com\/vi\/RrnsuWNmdLc\/maxresdefault.jpg\" class=\"ayg-thumbnail-image\" alt=\"\u0627\u0644\u0631\u0642\u0635 \u0627\u0644\u0634\u0631\u0642\u064a \u0641\u064a \u0645\u0631\u0643\u0628 \u0639\u0644\u064a \u0627\u0644\u0646\u064a\u0644 \ud83c\udf0a\ud83c\udf0a\ud83c\udf0a\ud83d\udc83\ud83d\udc83\u26f4\ufe0f#dance\" \/>\n\n        <svg class=\"ayg-icon ayg-thumbnail-icon-play\" width=\"32\" height=\"32\" viewbox=\"0 0 32 32\" fill=\"#fff\">\n            <path d=\"M16 0c-8.837 0-16 7.163-16 16s7.163 16 16 16 16-7.163 16-16-7.163-16-16-16zM16 29c-7.18 0-13-5.82-13-13s5.82-13 13-13 13 5.82 13 13-5.82 13-13 13zM12 9l12 7-12 7z\"><\/path>\n        <\/svg>\n\n        <div class=\"ayg-thumbnail-active\" style=\"display: none;\">ativo<\/div>\n    <\/div>\n\n    <div class=\"ayg-thumbnail-caption\">\n         \n            <div class=\"ayg-thumbnail-title\">\u0627\u0644\u0631\u0642\u0635 \u0627\u0644\u0634\u0631\u0642\u064a \u0641\u064a \u0645\u0631\u0643\u0628 \u0639\u0644\u064a \u0627\u0644\u0646\u064a\u0644 \ud83c\udf0a\ud83c\udf0a\ud83c\udf0a\ud83d\udc83\ud83d\udc83\u26f4\ufe0f#dance<\/div>\n         \n\n        \n            <\/div>           \n<\/div>            <\/div>\n                    <div class=\"ayg-item ayg-item-kfQ_s1l7SrU ayg-col ayg-col-3\">\n                \n<div class=\"ayg-thumbnail\" data-id=\"kfQ_s1l7SrU\" data-title=\"The splendor in the pyramids of Giza\ud83c\udfdc\ufe0f\u2665\ufe0f\ud83d\ude0d\ud83d\ude0d\ud83d\ude0d\ud83d\ude0d\" data-url=\"\">\n    <div class=\"ayg-thumbnail-image-wrapper\">\n                <img decoding=\"async\" src=\"https:\/\/i.ytimg.com\/vi\/kfQ_s1l7SrU\/maxresdefault.jpg\" class=\"ayg-thumbnail-image\" alt=\"The splendor in the pyramids of Giza\ud83c\udfdc\ufe0f\u2665\ufe0f\ud83d\ude0d\ud83d\ude0d\ud83d\ude0d\ud83d\ude0d\" \/>\n\n        <svg class=\"ayg-icon ayg-thumbnail-icon-play\" width=\"32\" height=\"32\" viewbox=\"0 0 32 32\" fill=\"#fff\">\n            <path d=\"M16 0c-8.837 0-16 7.163-16 16s7.163 16 16 16 16-7.163 16-16-7.163-16-16-16zM16 29c-7.18 0-13-5.82-13-13s5.82-13 13-13 13 5.82 13 13-5.82 13-13 13zM12 9l12 7-12 7z\"><\/path>\n        <\/svg>\n\n        <div class=\"ayg-thumbnail-active\" style=\"display: none;\">ativo<\/div>\n    <\/div>\n\n    <div class=\"ayg-thumbnail-caption\">\n         \n            <div class=\"ayg-thumbnail-title\">O esplendor das pir\u00e2mides de Giz\u00e9\ud83c\udfdc\ufe0f\u2665\ufe0f\ud83d\ude0d\ud83d\ude0d\ud83d\ude0d\ud83d\ude0d<\/div>\n         \n\n        \n            <\/div>           \n<\/div>            <\/div>\n                    <div class=\"ayg-item ayg-item-i4GrfZNr1DY ayg-col ayg-col-3\">\n                \n<div class=\"ayg-thumbnail\" data-id=\"i4GrfZNr1DY\" data-title=\"Live your life in the best place in the world\ud83c\udf0d\ud83d\ude0d\ud83d\ude0d\" data-url=\"\">\n    <div class=\"ayg-thumbnail-image-wrapper\">\n                <img decoding=\"async\" src=\"https:\/\/i.ytimg.com\/vi\/i4GrfZNr1DY\/maxresdefault.jpg\" class=\"ayg-thumbnail-image\" alt=\"Live your life in the best place in the world\ud83c\udf0d\ud83d\ude0d\ud83d\ude0d\" \/>\n\n        <svg class=\"ayg-icon ayg-thumbnail-icon-play\" width=\"32\" height=\"32\" viewbox=\"0 0 32 32\" fill=\"#fff\">\n            <path d=\"M16 0c-8.837 0-16 7.163-16 16s7.163 16 16 16 16-7.163 16-16-7.163-16-16-16zM16 29c-7.18 0-13-5.82-13-13s5.82-13 13-13 13 5.82 13 13-5.82 13-13 13zM12 9l12 7-12 7z\"><\/path>\n        <\/svg>\n\n        <div class=\"ayg-thumbnail-active\" style=\"display: none;\">ativo<\/div>\n    <\/div>\n\n    <div class=\"ayg-thumbnail-caption\">\n         \n            <div class=\"ayg-thumbnail-title\">Viva sua vida no melhor lugar do mundo\ud83c\udf0d\ud83d\ude0d\ud83d\ude0d<\/div>\n         \n\n        \n            <\/div>           \n<\/div>            <\/div>\n                    <div class=\"ayg-item ayg-item-aQ1TifLZaEY ayg-col ayg-col-3\">\n                \n<div class=\"ayg-thumbnail\" data-id=\"aQ1TifLZaEY\" data-title=\"Welcome to the land of the pharaohs\ud83d\ude0d\ud83e\udd34\" data-url=\"\">\n    <div class=\"ayg-thumbnail-image-wrapper\">\n                <img decoding=\"async\" src=\"https:\/\/i.ytimg.com\/vi\/aQ1TifLZaEY\/maxresdefault.jpg\" class=\"ayg-thumbnail-image\" alt=\"Welcome to the land of the pharaohs\ud83d\ude0d\ud83e\udd34\" \/>\n\n        <svg class=\"ayg-icon ayg-thumbnail-icon-play\" width=\"32\" height=\"32\" viewbox=\"0 0 32 32\" fill=\"#fff\">\n            <path d=\"M16 0c-8.837 0-16 7.163-16 16s7.163 16 16 16 16-7.163 16-16-7.163-16-16-16zM16 29c-7.18 0-13-5.82-13-13s5.82-13 13-13 13 5.82 13 13-5.82 13-13 13zM12 9l12 7-12 7z\"><\/path>\n        <\/svg>\n\n        <div class=\"ayg-thumbnail-active\" style=\"display: none;\">ativo<\/div>\n    <\/div>\n\n    <div class=\"ayg-thumbnail-caption\">\n         \n            <div class=\"ayg-thumbnail-title\">Bem-vindos \u00e0 terra dos fara\u00f3s \ud83d\ude0d\ud83e\udd34<\/div>\n         \n\n        \n            <\/div>           \n<\/div>            <\/div>\n            <\/div>\n\n    <!-- Pagination -->    \n    \n<div class=\"ayg-pagination\" data-params='{\"uid\":\"c102e8052105d70d9b0ee67a41b48ab5\",\"post_id\":5554,\"type\":\"channel\",\"src\":\"UCcvIRwKmzrm14hjTgItDwXA\",\"order\":\"relevance\",\"per_page\":12,\"cache\":86400,\"columns\":3,\"thumb_ratio\":56.25,\"thumb_title\":1,\"thumb_title_length\":0,\"thumb_excerpt\":1,\"thumb_excerpt_length\":75,\"player_description\":1,\"total_pages\":25,\"paged\":1,\"next_page_token\":\"EAAaHlBUOkNBd2lFRVZGUTBZeFJEbEZPRGhETlVGR1JEaw\",\"prev_page_token\":\"\"}'>\n            <div class=\"ayg-pagination-next\">\n            <button type=\"button\" class=\"ayg-btn ayg-pagination-next-btn\" data-type=\"more\">Carregar mais<\/button>\n        <\/div>\n    <\/div><\/div>","protected":false},"excerpt":{"rendered":"","protected":false},"author":1,"featured_media":0,"parent":0,"menu_order":0,"comment_status":"closed","ping_status":"closed","template":"","meta":{"om_disable_all_campaigns":false,"_monsterinsights_skip_tracking":false,"_monsterinsights_sitenote_active":false,"_monsterinsights_sitenote_note":"","_monsterinsights_sitenote_category":0,"_joinchat":[],"footnotes":""},"class_list":["post-5554","page","type-page","status-publish","hentry"],"aioseo_notices":[],"_links":{"self":[{"href":"https:\/\/kingegypttours.com\/pt\/wp-json\/wp\/v2\/pages\/5554","targetHints":{"allow":["GET"]}}],"collection":[{"href":"https:\/\/kingegypttours.com\/pt\/wp-json\/wp\/v2\/pages"}],"about":[{"href":"https:\/\/kingegypttours.com\/pt\/wp-json\/wp\/v2\/types\/page"}],"author":[{"embeddable":true,"href":"https:\/\/kingegypttours.com\/pt\/wp-json\/wp\/v2\/users\/1"}],"replies":[{"embeddable":true,"href":"https:\/\/kingegypttours.com\/pt\/wp-json\/wp\/v2\/comments?post=5554"}],"version-history":[{"count":5,"href":"https:\/\/kingegypttours.com\/pt\/wp-json\/wp\/v2\/pages\/5554\/revisions"}],"predecessor-version":[{"id":6408,"href":"https:\/\/kingegypttours.com\/pt\/wp-json\/wp\/v2\/pages\/5554\/revisions\/6408"}],"wp:attachment":[{"href":"https:\/\/kingegypttours.com\/pt\/wp-json\/wp\/v2\/media?parent=5554"}],"curies":[{"name":"wp","href":"https:\/\/api.w.org\/{rel}","templated":true}]}}